{"id":243,"date":"2016-07-13T18:33:04","date_gmt":"2016-07-13T16:33:04","guid":{"rendered":"http:\/\/www.ethnoart.at\/eaglewing\/?page_id=243"},"modified":"2022-12-30T12:02:48","modified_gmt":"2022-12-30T11:02:48","slug":"meine-ausbildungen","status":"publish","type":"page","link":"https:\/\/www.eaglewing.at\/eaglewing\/?page_id=243","title":{"rendered":"Meine Ausbildungen"},"content":{"rendered":"<p>Reiki Grad I, II und III bei Hiltrud Steiner<\/p>\n<p>Cranio Sacral Therapie bei Hiltrud Steiner<\/p>\n<p>Shiatsu bei Hiltrud Steiner<\/p>\n<p>Jin Shin Jyutsu bei Hiltrud Steiner<\/p>\n<p>Seit 2008 praktiziere ich regelm\u00e4\u00dfig und besch\u00e4ftige mich\u00a0intensiv mit Yoga<\/p>\n<p>Kundalini Yoga speziell f\u00fcr Frauen<\/p>\n<p>Hormon Yogaausbildung nach Dinah Rodrigues<\/p>\n<p>Bauchtanz bei Aminta, Astrid Pinter und Condor Woman aus Chile<\/p>\n<p>NLP Basisausbildung<\/p>\n<p>QC Practitioner und Master Practitioner (Ausbildung in Quantenheilung) bei Volker Knehr<\/p>\n<p>Heilmethodenprogramm bei Bluejay: teachings bei diversen indigenen Schamanen aus Nord-, S\u00fcdamerika , Asien und Europa (Ahamkara aus Sibirien, Condor Woman aus Chile,\u00a0 Philipp Carr Gomm aus England, Dancing Thunder aus Nordamerika, Bulgan aus der Mongolei)<\/p>\n<p>Basisausbildung bei der Foundation of shamanic studies<\/p>\n<p>Mehrere schamanische Intensiv retreats und Ausbildungen bei Condor Woman, Schamanin aus Chile (Mapuche)<\/p>\n<p>Schamanische Spezialausbildungen beim Altai Schamanen Ahamkara aus Sibirien unter anderem \u00fcber Nieren und \u00c4ngste, Organmassage, die Riten zum schamanischen Tod, Medizinrad, Ahnenheilung, die Riten der 4 W\u00f6lfe, das sibirische Steinorakel&#8230;<\/p>\n<p>Autorisierte H\u00fcterin der 9 Munay Ki Riten aus den Anden Perus und der 13. Rite des Munay Ki (Rite of the womb) aus dem Amazonas<\/p>\n<p>Nusta Karpay Einweihung (Verbindung mit den g\u00f6ttlich weiblichen Archetypen) durch Don Claudio und Don Hernan (Andenpriester aus Peru)<\/p>\n<p>Grundausbildung und Masterclass bei Don Juan und Ivan Nunez del Prado zu den Energie Techniken der andinen (Inka) Tradition Perus (Arbeit mit der lebendigen Energie des Kosmos, auch Inkatradition genannt)<\/p>\n<p>Salka Workshop mit Don Americo und Gayle Yabar aus Peru zur Arbeit mit der\u00a0&#8220;wilden, undomestizierten und ungez\u00e4hmten&#8221; Energie des Kosmos<\/p>\n<p>Hatun Karpay (Energiearbeit aus den Anden Perus) mit Dario Astengo in Graz Umgebung<\/p>\n<p>Ausbildung zu den Nustas und Miskayani bei Elizabeth Jenkins.<\/p>\n<p>2021 Jahresausbildung bei den Q\u00e9ros aus den Hochanden Perus (Global Paqo school), um noch mehr \u00fcber die Heil,-und Energietechniken der Nachkommen der Inkas zu lernen, welche ich schon vor und w\u00e4hrend meiner Reise 2019 durch S\u00fcdamerika kennenlernen durfte.<\/p>\n<p>Einf\u00fchrung in die Techniken der &#8220;Sonnenbruderschaft&#8221; aus Peru durch Susanne Ferril<\/p>\n<p>Schattenarbeit und Luzides Tr\u00e4umen mit Charlie Morley\/Grossbritannien<\/p>\n<p>Toltekische Ausbildungen bei Sergio Magana aus Mexiko<\/p>\n<p>Ausbildung in russischem Heilwissen (Grundlagen und Vertiefung) nach Grigori Grabovoi bei Alexander Teetz und Svetlana Smirnova (u. a. Heilung mit Zahlen)<\/p>\n<p>Moon Dance Einf\u00fchrung durch Grandmother Tonalmitl aus Mexico<\/p>\n<p>Einweihung in die heilige Geometrie nach Jaime Delgado<\/p>\n<p>Erweckung der weiblichen Chakren Ausbildung bei Lisa Erickson<\/p>\n<p>Reinigung vom Familienkarma Ausbildung bei bei Sara Wiseman<\/p>\n<p>The Wheel of Time bei Jai Dev Singh und Robert Thurman (tibetischer Buddhismus und Kundalini Yoga)<\/p>\n<p>Einf\u00fchrung in die Kabbalah und den Baum des Lebens bei Teri Uktena<\/p>\n<p>Diverse teachings, ua. bei Lumira (Buchautorin), Petra Neumayer (Buchautorin, Heilen mit Symbolen und Zahlen), Angaangaq (Schamane aus Gr\u00f6nland), Michael und Whope Twofeathers(Lakota) Don Martin Quispe (Andenpriester), Arapata (\u00a0Maori grandmother), Elizabeth. B. Jenkins (Buchautorin und Andenpriesterin)<\/p>\n<p>Basisausbildung in Energiemedizin und Traumarbeit bei Alberto Villoldo<\/p>\n<p>Bewu\u00dftes Sterben, Sterberituale und Sterbebegleitung bei der Four Winds Association von Alberto Villoldo<\/p>\n<p>R\u00e4ucherausbildung in der Schloss Schule St Georgen<\/p>\n<p>Meisterkr\u00e4utertherapie Ausbildung I und II sowie chinesisches face reading bei Wolfgang Schr\u00f6der, Einf\u00fchrung in plant spirit medicine (intuitive Heilkr\u00e4uterkunde) mit Julia Rastelli.<\/p>\n<p>in Ausbildung als Bardin beim Order of Bards, Ovates &amp; Druids\u00a0 (www.druidry.org)<\/p>\n<p>Runenausbildung und Alltagsmagie bei Thunrita und Christopher Weidner<\/p>\n<p>Einj\u00e4hrige Reise durch S\u00fcdamerika im Jahr 2019, bei der ich f\u00fcr mich sehr viel lernen und mitnehmen durfte.<\/p>\n<p>Studium unz\u00e4hliger B\u00fccher zu diversen Techniken und schamanischen und spirituellen Themenbereichen<\/p>\n<p><strong>Mein gr\u00f6\u00dfter Lehrmeister ist jedoch die Natur und das Leben selbst!!!<\/strong><\/p>\n","protected":false},"excerpt":{"rendered":"<p>Reiki Grad I, II und III bei Hiltrud Steiner Cranio Sacral Therapie bei Hiltrud Steiner Shiatsu bei Hiltrud Steiner Jin Shin Jyutsu bei Hiltrud Steiner<\/p>\n","protected":false},"author":1,"featured_media":0,"parent":0,"menu_order":0,"comment_status":"closed","ping_status":"closed","template":"template-centered.php","meta":{"spay_email":""},"_links":{"self":[{"href":"https:\/\/www.eaglewing.at\/eaglewing\/index.php?rest_route=\/wp\/v2\/pages\/243"}],"collection":[{"href":"https:\/\/www.eaglewing.at\/eaglewing\/index.php?rest_route=\/wp\/v2\/pages"}],"about":[{"href":"https:\/\/www.eaglewing.at\/eaglewing\/index.php?rest_route=\/wp\/v2\/types\/page"}],"author":[{"embeddable":true,"href":"https:\/\/www.eaglewing.at\/eaglewing\/index.php?rest_route=\/wp\/v2\/users\/1"}],"replies":[{"embeddable":true,"href":"https:\/\/www.eaglewing.at\/eaglewing\/index.php?rest_route=%2Fwp%2Fv2%2Fcomments&post=243"}],"version-history":[{"count":48,"href":"https:\/\/www.eaglewing.at\/eaglewing\/index.php?rest_route=\/wp\/v2\/pages\/243\/revisions"}],"predecessor-version":[{"id":2823,"href":"https:\/\/www.eaglewing.at\/eaglewing\/index.php?rest_route=\/wp\/v2\/pages\/243\/revisions\/2823"}],"wp:attachment":[{"href":"https:\/\/www.eaglewing.at\/eaglewing\/index.php?rest_route=%2Fwp%2Fv2%2Fmedia&parent=243"}],"curies":[{"name":"wp","href":"https:\/\/api.w.org\/{rel}","templated":true}]}}