{"id":997,"date":"2018-06-05T21:26:10","date_gmt":"2018-06-05T19:26:10","guid":{"rendered":"http:\/\/www.ethnoart.at\/eaglewing\/?page_id=997"},"modified":"2018-06-05T21:26:10","modified_gmt":"2018-06-05T19:26:10","slug":"datenschutz","status":"publish","type":"page","link":"https:\/\/www.eaglewing.at\/eaglewing\/?page_id=997","title":{"rendered":"Datenschutz"},"content":{"rendered":"<h2>Datenschutz<\/h2>\n<p><strong>Verantwortliche<\/strong> ist Mag. Barbara Scheucher.<\/p>\n<p>&nbsp;<\/p>\n<p>Der Schutz Ihrer pers\u00f6nlichen Daten liegt mir besonders am Herzen. Ich verarbeite Deine\/Ihre Daten daher ausschlie\u00dflich auf Grundlage der gesetzlichen Bestimmungen (DSGVO, TKG 2003). In diesen Datenschutzinformationen informiere ich Dich\/Sie \u00fcber die wichtigsten Aspekte der Datenverarbeitung im Rahmen meiner Website.<\/p>\n<p>Grunds\u00e4tzlich verkaufe ich Ihre Daten niemals und gebe sie auch nicht an Dritte weiter!<\/p>\n<p>&nbsp;<\/p>\n<p><strong> Kontakt:<\/strong><\/p>\n<p>Wenn Sie per Kontaktformular auf der Website oder per E-Mail Kontakt mit mir aufnehmen, werden Ihre angegebenen Daten zwecks Bearbeitung der Anfrage und f\u00fcr den Fall von Anschlussfragen\u00a01 Jahr\u00a0bei mir gespeichert. Diese Daten gebe ich selbstverst\u00e4ndlich nicht ohne Ihre Einwilligung weiter. Weiters k\u00f6nnen Sie selbstverst\u00e4ndlich jederzeit verlangen, dass ich Ihre Daten l\u00f6sche &#8211; schreiben Sie mir bitte einfach!<\/p>\n<p>&nbsp;<\/p>\n<p><strong>Buchung &amp; Rechnungslegung:<\/strong><\/p>\n<p>Buchungen von Einzelsitzungen oder Workshops sind ausschlie\u00dflich per Mail m\u00f6glich.\u00a0Die von Ihnen bereitgestellten Daten (Name, Telefonnummer, E-Mail-Adresse)\u00a0 sind zur Vertragserf\u00fcllung bzw. zur Durchf\u00fchrung vorvertraglicher Ma\u00dfnahmen erforderlich (Art 6 Abs 1 lit b DSGVO), das hei\u00dft: Ohne diese Daten kann ich keinen Vertrag mit Ihnen abschlie\u00dfen. Sie k\u00f6nnen jederzeit verlangen, dass ich diese Daten l\u00f6sche oder berichtige. (Siehe \u201eIhre Rechte\u201c unten).<\/p>\n<p>Ich erhebe und speichere\u00a0<em>keine<\/em>\u00a0Kreditkarten- oder Kontodaten. Die Bezahlung erfolgt ausschlie\u00dflich durch Ihre \u00dcberweisung oder in bar bei der Einzelsitzung\/beim Workshop selbst.\u00a0Ich bin gesetzlich verpflichtet, die Rechnung mit den darauf befindlichen Informationen \u00fcber Sie (Name) sieben Jahre aufzubewahren. Ansonsten l\u00f6sche ich Ihren Namen, Anschrift und E-Mail Adresse drei Jahre nach unserem letzten Kontakt aus meiner Adress-Datenbank. Dies geschieht ebenso im Falle einer Stornierung &#8211; nach Ihre schriftlichen und termingerechten Stornierung meiner Leistung werden Ihre Daten mit sofortiger Wirkung gel\u00f6scht, au\u00dfer Sie bitten mich ausdr\u00fccklich um eine Aufnahme in meine Adress-Datenbank.<\/p>\n<p>Im Falle eines Vertragsabschlusses werden s\u00e4mtliche Daten aus dem Vertragsverh\u00e4ltnis bis zum Ablauf der steuerrechtlichen Aufbewahrungsfrist (sieben Jahre) gespeichert (Art 6 Abs 1 lit c DSGVO).\u00a0Ich \u00fcbermittle Ihre Daten nicht an Dritte, au\u00dfer\u00a0zur Einsicht an die Steuerbeh\u00f6rde\u00a0zur Erf\u00fcllung meiner steuerrechtlichen Verpflichtungen.<\/p>\n<p>Die Datenverarbeitung erfolgt auf Basis der gesetzlichen Bestimmungen des \u00a7 96 Abs 3 TKG (Datenschutz, Minimierung der Daten) sowie des Art 6 Abs 1 lit b (notwendig zur Vertragserf\u00fcllung) und Art 6 Abs 1 lit c (gesetzliche Verpflichtung) DSGVO.<\/p>\n<p><strong>Cookies:<\/strong><\/p>\n<p>Meine\u00a0Website verwendet so genannte Cookies. Dabei handelt es sich um kleine Textdateien, die mit Hilfe des Browsers auf Ihrem Endger\u00e4t abgelegt werden. Sie richten keinen Schaden an.<\/p>\n<p>Meine Homepage nutzt Cookies dazu, mein Angebot benutzerfreundlich zu gestalten. Einige Cookies bleiben auf Ihrem Endger\u00e4t gespeichert, bis Sie diese l\u00f6schen. Sie erm\u00f6glichen es meiner Website, Ihren Browser beim n\u00e4chsten Besuch wieder zu erkennen.<\/p>\n<p>Wenn Sie dies nicht w\u00fcnschen, so k\u00f6nnen Sie Ihren Browser so einrichten, dass er Sie \u00fcber das Setzen von Cookies informiert und Sie dies nur im Einzelfall erlauben.<\/p>\n<p>Bei der Deaktivierung von Cookies kann die Funktionalit\u00e4t meiner Website eingeschr\u00e4nkt sein.<\/p>\n<p>&nbsp;<\/p>\n<p><strong>Google Analytics:<\/strong><\/p>\n<p>Diese Website benutzt Google Analytics, einen Webanalysedienst der Google Inc. (\u201eGoogle\u201c). Google Analytics verwendet sog. \u201eCookies\u201c, Textdateien, die auf Ihrem Computer gespeichert werden und die eine Analyse der Benutzung der Website durch Sie erm\u00f6glichen. Die durch den Cookie erzeugten Informationen \u00fcber Ihre Benutzung dieser Website werden in der Regel an einen Server von Google in den USA \u00fcbertragen und dort gespeichert. Im Falle der Aktivierung der IP-Anonymisierung auf dieser Webseite, wird Ihre IP-Adresse von Google jedoch innerhalb von Mitgliedstaaten der Europ\u00e4ischen Union oder in anderen Vertragsstaaten des Abkommens \u00fcber den Europ\u00e4ischen Wirtschaftsraum zuvor gek\u00fcrzt. Nur in Ausnahmef\u00e4llen wird die volle IP-Adresse an einen Server von Google in den USA \u00fcbertragen und dort gek\u00fcrzt. Im Auftrag des Betreibers dieser Website wird Google diese Informationen benutzen, um Ihre Nutzung der Website auszuwerten, um Reports \u00fcber die Websiteaktivit\u00e4ten zusammenzustellen und um weitere mit der Websitenutzung und der Internetnutzung verbundene Dienstleistungen gegen\u00fcber dem Websitebetreiber zu erbringen. Die im Rahmen von Google Analytics von Ihrem Browser \u00fcbermittelte IP-Adresse wird nicht mit anderen Daten von Google zusammengef\u00fchrt. Sie k\u00f6nnen die Speicherung der Cookies durch eine entsprechende Einstellung Ihrer Browser-Software verhindern; wir weisen Sie jedoch darauf hin, dass Sie in diesem Fall gegebenenfalls nicht s\u00e4mtliche Funktionen dieser Website vollumf\u00e4nglich werden nutzen k\u00f6nnen. Sie k\u00f6nnen dar\u00fcber hinaus die Erfassung der durch das Cookie erzeugten und auf Ihre Nutzung der Website bezogenen Daten (inkl. Ihrer IP-Adresse) an Google sowie die Verarbeitung dieser Daten durch Google verhindern, indem Sie das unter dem folgenden Link verf\u00fcgbare Browser-Plugin herunterladen und installieren:\u00a0<a href=\"http:\/\/tools.google.com\/dlpage\/gaoptout\">http:\/\/tools.google.com\/dlpage\/gaoptout<\/a><\/p>\n<p>Sie k\u00f6nnen die Erfassung durch Google Analytics verhindern, indem Sie auf folgenden\u00a0Link\u00a0klicken.<br \/>\nEs wird ein Opt-Out-Cookie gesetzt, der die zuk\u00fcnftige Erfassung Ihrer Daten beim Besuch dieser Website verhindert<br \/>\nN\u00e4here Informationen zu Nutzungsbedingungen und Datenschutz finden Sie unter den\u00a0<a href=\"https:\/\/www.google.com\/analytics\/terms\/de.html\">Google Analytics Bedingungen<\/a>\u00a0bzw. unter der\u00a0<a href=\"https:\/\/www.google.com\/intl\/de\/policies\/privacy\/index.html\">Google Analytics \u00dcbersicht<\/a>. Wir weisen Sie darauf hin, dass auf dieser Webseite Google Analytics um den Code &#8220;gat._anonymizeIp();&#8221; erweitert wurde, um eine anonymisierte Erfassung von IP-Adressen (sog. IP-Masking) zu gew\u00e4hrleisten.<\/p>\n<p>&nbsp;<\/p>\n<p><strong> Facebook-PlugIn (Like-Button):<\/strong><\/p>\n<p>Auf meinen Seiten sind Plugins des sozialen Netzwerks Facebook, Anbieter Facebook Inc., 1 Hacker Way, Menlo Park, California 94025, USA, integriert. Die Facebook-Plugins erkennen Sie an dem Facebook-Logo oder dem \u201eLike-Button\u201c (\u201eGef\u00e4llt mir\u201c) auf meiner Seite. Eine \u00dcbersicht \u00fcber die Facebook-Plugins finden Sie hier: <a href=\"http:\/\/developers.facebook.com\/docs\/plugins\/\">http:\/\/developers.facebook.com\/docs\/plugins\/<\/a><\/p>\n<p>Wenn Sie\u00a0meine Website besuchen, wird \u00fcber das Plugin eine direkte Verbindung zwischen Ihrem Browser und dem Facebook-Server hergestellt. Facebook erh\u00e4lt dadurch die Information, dass Sie mit Ihrer IP-Adresse meine Seite besucht haben. Wenn Sie den Facebook \u201eLike-Button\u201c anklicken w\u00e4hrend Sie in Ihrem Facebook-Account eingeloggt sind, k\u00f6nnen Sie die Inhalte meiner Homepage\u00a0auf Ihrem Facebook-Profil verlinken. Dadurch kann Facebook den Besuch\u00a0meiner Website Ihrem Benutzerkonto zuordnen. Ich weise darauf hin, dass\u00a0ich als Anbieterin der Seiten keine Kenntnis vom Inhalt der \u00fcbermittelten Daten sowie deren Nutzung durch Facebook erhalte. Weitere Informationen hierzu finden Sie in der Datenschutzerkl\u00e4ung von Facebook unter <a href=\"https:\/\/www.wuestenfrau.at\/impressum-datenschutz\/datenschutz\/%20http:\/de-de.facebook.com\/policy.php\">http:\/\/de-de.facebook.com\/policy.php<\/a><\/p>\n<p>Wenn Sie nicht w\u00fcnschen, dass Facebook den Besuch unserer Seiten Ihrem Facebook-Nutzerkonto zuordnen kann, loggen Sie sich bitte aus Ihrem Facebook-Benutzerkonto aus.<\/p>\n<p><strong>Newsletter:<\/strong><\/p>\n<p>Sie haben die M\u00f6glichkeit, \u00fcber meine Website meinen Newsletter zu abonnieren. Hierf\u00fcr ben\u00f6tige ich Ihre E-Mail-Adresse und Ihre <strong><em>ausdr\u00fcckliche<\/em><\/strong> Erkl\u00e4rung, dass Du\/Sie mit dem Bezug des Newsletters einverstanden sind. Ihre Daten (Name, E-Mailadresse) bleiben bis auf Widerruf bei mir gespeichert und werden nicht ohne Ihr Einverst\u00e4ndnis an Dritte weitergegeben!<\/p>\n<p>Selbstverst\u00e4ndlich k\u00f6nnen Sie den Newsletter auch jederzeit ohne Angaben von Gr\u00fcnden wieder abbestellen &#8211; Ihre Daten werden mit sofortiger Wirkung vollst\u00e4ndig gel\u00f6scht.<\/p>\n<p>&nbsp;<\/p>\n<h3><strong>Recht auf Auskunft, L\u00f6schung, Sperrung:<\/strong><\/h3>\n<p>Als Betroffene stehen Ihnen folgende Rechte zu: Recht auf Auskunft (Artikel 15 DSGVO), Recht auf Berichtigung (Artikel 16 DSGVO), Recht auf L\u00f6schung (Artikel 17 DSGVO), Recht auf Einschr\u00e4nkung (Artikel 18 DSGVO), Daten\u00fcbertragbarkeit (Artikel 20 DSGVO) sowie Recht auf Widerspruch (Artikel 21 DSGVO).<\/p>\n<p>Die genannten Betroffenenrechte k\u00f6nnen Sie per E-Mail an\u00a0barbara@eaglewing.at geltend machen oder alternativ per Brief an meine Postadresse (siehe unten).<\/p>\n<h3><strong>Beschwerderecht<\/strong><\/h3>\n<p>Sollten Sie Anlass zu Beschwerden wegen der Verarbeitung Ihrer Daten durch mich geben, m\u00f6chte ich Sie einladen, mir zuerst direkt zu schreiben damit wir versuchen, die Sache gemeinsam zu kl\u00e4ren: lilly@wuestenfrau.at.<\/p>\n<p>Sie k\u00f6nnen sich mit Ihrem Anliegen aber auch jederzeit an die \u00f6sterreichische Datenschutzbeh\u00f6rde als Aufsichtsbeh\u00f6rde wenden: Wickenburggasse 8-10, 1080 Wien, Tel.: +43 1 52152-0, E-Mail: dsb@dsb.gv.at, Web:\u00a0https:\/\/www.dsb.gv.at\/<\/p>\n<h3>So erreichen Sie mich:<\/h3>\n<p>Mag. Barbara Scheucher<\/p>\n<p>Kortschakweg 34, 8046 Graz<\/p>\n<p>Tel: 0677\/61125593<\/p>\n","protected":false},"excerpt":{"rendered":"<p>Datenschutz Verantwortliche ist Mag. Barbara Scheucher. &nbsp; Der Schutz Ihrer pers\u00f6nlichen Daten liegt mir besonders am Herzen. Ich verarbeite Deine\/Ihre Daten daher ausschlie\u00dflich auf Grundlage<\/p>\n","protected":false},"author":1,"featured_media":0,"parent":0,"menu_order":0,"comment_status":"closed","ping_status":"closed","template":"template-centered.php","meta":{"spay_email":""},"_links":{"self":[{"href":"https:\/\/www.eaglewing.at\/eaglewing\/index.php?rest_route=\/wp\/v2\/pages\/997"}],"collection":[{"href":"https:\/\/www.eaglewing.at\/eaglewing\/index.php?rest_route=\/wp\/v2\/pages"}],"about":[{"href":"https:\/\/www.eaglewing.at\/eaglewing\/index.php?rest_route=\/wp\/v2\/types\/page"}],"author":[{"embeddable":true,"href":"https:\/\/www.eaglewing.at\/eaglewing\/index.php?rest_route=\/wp\/v2\/users\/1"}],"replies":[{"embeddable":true,"href":"https:\/\/www.eaglewing.at\/eaglewing\/index.php?rest_route=%2Fwp%2Fv2%2Fcomments&post=997"}],"version-history":[{"count":1,"href":"https:\/\/www.eaglewing.at\/eaglewing\/index.php?rest_route=\/wp\/v2\/pages\/997\/revisions"}],"predecessor-version":[{"id":998,"href":"https:\/\/www.eaglewing.at\/eaglewing\/index.php?rest_route=\/wp\/v2\/pages\/997\/revisions\/998"}],"wp:attachment":[{"href":"https:\/\/www.eaglewing.at\/eaglewing\/index.php?rest_route=%2Fwp%2Fv2%2Fmedia&parent=997"}],"curies":[{"name":"wp","href":"https:\/\/api.w.org\/{rel}","templated":true}]}}